{"id":107,"date":"2024-09-13T13:36:47","date_gmt":"2024-09-13T13:36:47","guid":{"rendered":"https:\/\/itfor.pt\/?page_id=107"},"modified":"2024-09-13T13:39:50","modified_gmt":"2024-09-13T13:39:50","slug":"precario","status":"publish","type":"page","link":"https:\/\/itfor.pt\/index.php\/precario\/","title":{"rendered":"Pre\u00e7ario"},"content":{"rendered":"\n<table id=\"tablepress-1\" class=\"tablepress tablepress-id-1\">\n<thead>\n<tr class=\"row-1\">\n\t<th class=\"column-1\">Servi\u00e7o<\/th><th class=\"column-2\">Pre\u00e7o<\/th>\n<\/tr>\n<\/thead>\n<tbody class=\"row-striping row-hover\">\n<tr class=\"row-2\">\n\t<td class=\"column-1\">Instala\u00e7\u00e3o de Sistema Operativo\/Formata\u00e7\u00e3o (Drivers + Utilit\u00e1rios)<\/td><td class=\"column-2\">40,00\u20ac<\/td>\n<\/tr>\n<tr class=\"row-3\">\n\t<td class=\"column-1\">Instala\u00e7\u00e3o de Sistema Operativo\/Formata\u00e7\u00e3o (Drivers +Utilit\u00e1rios) c\/ Backup<\/td><td class=\"column-2\">60,00\u20ac<\/td>\n<\/tr>\n<tr class=\"row-4\">\n\t<td class=\"column-1\">Instala\u00e7\u00e3o\/Actualiza\u00e7\u00e3o de Software (por Programa)<\/td><td class=\"column-2\">10,00\u20ac<\/td>\n<\/tr>\n<tr class=\"row-5\">\n\t<td class=\"column-1\">Correc\u00e7\u00e3o de Erros do Windows ou de Programas<\/td><td class=\"column-2\">10,00\u20ac<\/td>\n<\/tr>\n<tr class=\"row-6\">\n\t<td class=\"column-1\">Remo\u00e7\u00e3o V\u00edrus\/Spyware\/Malware<\/td><td class=\"column-2\">30,00\u20ac<\/td>\n<\/tr>\n<tr class=\"row-7\">\n\t<td class=\"column-1\">Recupera\u00e7\u00e3o Sistema Operativo<\/td><td class=\"column-2\">30,00\u20ac<\/td>\n<\/tr>\n<tr class=\"row-8\">\n\t<td class=\"column-1\">Instala\u00e7\u00e3o \/ Configura\u00e7\u00e3o de Antiv\u00edrus<\/td><td class=\"column-2\">10,00\u20ac<\/td>\n<\/tr>\n<tr class=\"row-9\">\n\t<td class=\"column-1\">Configura\u00e7\u00f5es de Internet e Redes Wireless\/sem fios (Router, etc)<\/td><td class=\"column-2\">30,00\u20ac<\/td>\n<\/tr>\n<tr class=\"row-10\">\n\t<td class=\"column-1\">Instala\u00e7\u00e3o \/ Configura\u00e7\u00e3o Drivers<\/td><td class=\"column-2\">10,00\u20ac<\/td>\n<\/tr>\n<tr class=\"row-11\">\n\t<td class=\"column-1\">Instala\u00e7\u00e3o\/Configura\u00e7\u00e3o placas\/pen\u2019s 3G\/4G (TMN, Vodafone, Optimus,etc)<\/td><td class=\"column-2\">15,00\u20ac<\/td>\n<\/tr>\n<tr class=\"row-12\">\n\t<td class=\"column-1\">Instala\u00e7\u00e3o Controlo Parental<\/td><td class=\"column-2\">20,00\u20ac<\/td>\n<\/tr>\n<tr class=\"row-13\">\n\t<td class=\"column-1\">Configura\u00e7\u00e3o de E\u2010mail (Outook Express, Outlook, Modzilla) \/ por email<\/td><td class=\"column-2\">20,00\u20ac<\/td>\n<\/tr>\n<tr class=\"row-14\">\n\t<td class=\"column-1\">Configura\u00e7\u00e3o de E\u2010mail com importa\u00e7\u00e3o de E\u2010mails \/ por email<\/td><td class=\"column-2\">30,00\u20ac<\/td>\n<\/tr>\n<tr class=\"row-15\">\n\t<td class=\"column-1\">Clonagem de Discos<\/td><td class=\"column-2\">30,00\u20ac<\/td>\n<\/tr>\n<tr class=\"row-16\">\n\t<td class=\"column-1\">Recupera\u00e7\u00e3o de Dados Perdidos (por Software) at\u00e9 10Gb +1*<\/td><td class=\"column-2\">20,00\u20ac<\/td>\n<\/tr>\n<tr class=\"row-17\">\n\t<td class=\"column-1\">Recupera\u00e7\u00e3o de Dados Perdidos (por Software) de 10Gb a 100Gb +2*<\/td><td class=\"column-2\">40,00\u20ac<\/td>\n<\/tr>\n<tr class=\"row-18\">\n\t<td class=\"column-1\">Recupera\u00e7\u00e3o de Dados Perdidos (por Software) mais de 100Gb + 3*<\/td><td class=\"column-2\">60,00\u20ac<\/td>\n<\/tr>\n<tr class=\"row-19\">\n\t<td class=\"column-1\">1* Backup de Dados at\u00e9 10Gb<\/td><td class=\"column-2\">10,00\u20ac<\/td>\n<\/tr>\n<tr class=\"row-20\">\n\t<td class=\"column-1\">2* Backup de Dados de 10Gb a 100Gb<\/td><td class=\"column-2\">20,00\u20ac<\/td>\n<\/tr>\n<tr class=\"row-21\">\n\t<td class=\"column-1\">3* Backup de Dados mais de 100Gb<\/td><td class=\"column-2\">30,00\u20ac<\/td>\n<\/tr>\n<tr class=\"row-22\">\n\t<td class=\"column-1\">Recupera\u00e7\u00e3o de dados em cart\u00f5es ou pens (Por software)<\/td><td class=\"column-2\">30,00\u20ac<\/td>\n<\/tr>\n<tr class=\"row-23\">\n\t<td class=\"column-1\">Configura\u00e7\u00e3o de Backups autom\u00e1ticos<\/td><td class=\"column-2\">20,00\u20ac<\/td>\n<\/tr>\n<\/tbody>\n<\/table>\n<!-- #tablepress-1 from cache -->\n\n<table id=\"tablepress-2\" class=\"tablepress tablepress-id-2\">\n<thead>\n<tr class=\"row-1\">\n\t<th class=\"column-1\">Servi\u00e7o<\/th><th class=\"column-2\">Pre\u00e7o<\/th>\n<\/tr>\n<\/thead>\n<tbody class=\"row-striping row-hover\">\n<tr class=\"row-2\">\n\t<td class=\"column-1\">Instala\u00e7\u00e3o\/Configura\u00e7\u00e3o de Componentes\/Hardware<\/td><td class=\"column-2\">15,00\u20ac<\/td>\n<\/tr>\n<tr class=\"row-3\">\n\t<td class=\"column-1\">Instala\u00e7\u00e3o\/Configura\u00e7\u00e3o de Perif\u00e9ricos<\/td><td class=\"column-2\">15,00\u20ac<\/td>\n<\/tr>\n<tr class=\"row-4\">\n\t<td class=\"column-1\">Instala\u00e7\u00e3o\/Configura\u00e7\u00e3o de Impressoras\/Scan\u2019s\/Multifun\u00e7\u00f5es<\/td><td class=\"column-2\">20,00\u20ac<\/td>\n<\/tr>\n<tr class=\"row-5\">\n\t<td class=\"column-1\">Assemblagem computador<\/td><td class=\"column-2\">25,00\u20ac<\/td>\n<\/tr>\n<tr class=\"row-6\">\n\t<td class=\"column-1\">Assemblagem computador com instala\u00e7\u00e3o Sistema Operativo<\/td><td class=\"column-2\">50,00\u20ac<\/td>\n<\/tr>\n<tr class=\"row-7\">\n\t<td class=\"column-1\">Substitui\u00e7\u00e3o Ecran Port\u00e1til<\/td><td class=\"column-2\">40,00\u20ac<\/td>\n<\/tr>\n<tr class=\"row-8\">\n\t<td class=\"column-1\">Limpeza Dissipadores Port\u00e1til<\/td><td class=\"column-2\">50,00\u20ac<\/td>\n<\/tr>\n<tr class=\"row-9\">\n\t<td class=\"column-1\">Upgrade de BIOS<\/td><td class=\"column-2\">20,00\u20ac<\/td>\n<\/tr>\n<tr class=\"row-10\">\n\t<td class=\"column-1\">Recupera\u00e7\u00e3o de dados com repara\u00e7\u00e3o hardware<\/td><td class=\"column-2\">Por or\u00e7amento<\/td>\n<\/tr>\n<\/tbody>\n<\/table>\n<!-- #tablepress-2 from cache -->\n","protected":false},"excerpt":{"rendered":"","protected":false},"author":1,"featured_media":0,"parent":0,"menu_order":0,"comment_status":"closed","ping_status":"closed","template":"","meta":{"footnotes":""},"class_list":["post-107","page","type-page","status-publish","hentry"],"_links":{"self":[{"href":"https:\/\/itfor.pt\/index.php\/wp-json\/wp\/v2\/pages\/107","targetHints":{"allow":["GET"]}}],"collection":[{"href":"https:\/\/itfor.pt\/index.php\/wp-json\/wp\/v2\/pages"}],"about":[{"href":"https:\/\/itfor.pt\/index.php\/wp-json\/wp\/v2\/types\/page"}],"author":[{"embeddable":true,"href":"https:\/\/itfor.pt\/index.php\/wp-json\/wp\/v2\/users\/1"}],"replies":[{"embeddable":true,"href":"https:\/\/itfor.pt\/index.php\/wp-json\/wp\/v2\/comments?post=107"}],"version-history":[{"count":4,"href":"https:\/\/itfor.pt\/index.php\/wp-json\/wp\/v2\/pages\/107\/revisions"}],"predecessor-version":[{"id":115,"href":"https:\/\/itfor.pt\/index.php\/wp-json\/wp\/v2\/pages\/107\/revisions\/115"}],"wp:attachment":[{"href":"https:\/\/itfor.pt\/index.php\/wp-json\/wp\/v2\/media?parent=107"}],"curies":[{"name":"wp","href":"https:\/\/api.w.org\/{rel}","templated":true}]}}